{"id":3,"date":"2022-11-11T17:51:31","date_gmt":"2022-11-11T17:51:31","guid":{"rendered":"http:\/\/ecrire-et-sourire77.com\/?page_id=3"},"modified":"2023-01-22T10:21:25","modified_gmt":"2023-01-22T10:21:25","slug":"privacy-policy","status":"publish","type":"page","link":"https:\/\/ecrire-et-sourire77.com\/index.php\/privacy-policy\/","title":{"rendered":"Mentions L\u00e9gales"},"content":{"rendered":"\t\t<div data-elementor-type=\"wp-page\" data-elementor-id=\"3\" class=\"elementor elementor-3\">\n\t\t\t\t\t\t<section class=\"elementor-section elementor-top-section elementor-element elementor-element-11b46ab9 elementor-section-boxed elementor-section-height-default elementor-section-height-default\" data-id=\"11b46ab9\" data-element_type=\"section\" data-e-type=\"section\">\n\t\t\t\t\t\t<div class=\"elementor-container elementor-column-gap-default\">\n\t\t\t\t\t<div class=\"elementor-column elementor-col-100 elementor-top-column elementor-element elementor-element-7334aab9\" data-id=\"7334aab9\" data-element_type=\"column\" data-e-type=\"column\">\n\t\t\t<div class=\"elementor-widget-wrap elementor-element-populated\">\n\t\t\t\t\t\t<div class=\"elementor-element elementor-element-1994d1d8 elementor-widget elementor-widget-text-editor\" data-id=\"1994d1d8\" data-element_type=\"widget\" data-e-type=\"widget\" data-widget_type=\"text-editor.default\">\n\t\t\t\t<div class=\"elementor-widget-container\">\n\t\t\t\t\t\t\t\t\t<p><\/p>\n<p><span style=\"text-decoration: underline;\"><span style=\"color: #272626; text-decoration: underline;\">1.<b> Pr\u00e9sentation du Site<\/b><\/span><\/span><\/p>\n<p>En vertu de l\u2019article 6, de la loi n\u00b0 2004-575, du 21 juin 2004, pour la confiance dans l\u2019\u00e9conomie num\u00e9rique, il est pr\u00e9cis\u00e9 aux utilisateurs du site&nbsp;<a href=\"https:\/\/ecrire-et-sourire77.com\/?_gl=1*l02uoo*_ga*NjI2NDU5OTI5LjE2NzAzNDg5MDE.*_up*MQ..\"><b>https:\/\/ecrire-et-sourire77.com<\/b><\/a>&nbsp;l\u2019identit\u00e9 des diff\u00e9rents intervenants dans le cadre de sa r\u00e9alisation et de son suivi :<\/p>\n<p><span style=\"letter-spacing: var(--bodyletterspacing); text-transform: var(--bodytexttransform); background-color: var(--nv-site-bg);\"><span style=\"color: #272626;\"><b>Propri\u00e9taire<\/b><span style=\"font-weight: var(--bodyfontweight);\"> : <\/span><\/span><\/span><span style=\"background-color: var(--nv-site-bg); font-weight: var(--bodyfontweight); letter-spacing: var(--bodyletterspacing); text-transform: var(--bodytexttransform);\">Linda GERBERT &#8211; l&rsquo;impasse du Muguet \u00e0 Faremoutiers, France. <\/span><\/p>\n<p><span style=\"background-color: var(--nv-site-bg); letter-spacing: var(--bodyletterspacing); text-transform: var(--bodytexttransform);\"><b>Num\u00e9ro Siret :<\/b><\/span><span style=\"background-color: var(--nv-site-bg); font-weight: var(--bodyfontweight); letter-spacing: var(--bodyletterspacing); text-transform: var(--bodytexttransform);\"> 92119379300012<\/span><\/p>\n<p><b>Responsable publication et conception<\/b> : Linda GERBERT, contact@ecrire-et-sourire77.com<\/p>\n<p><b>Plateforme<\/b> : WordPress &#8211; Th\u00e8me Neve et constructeur de site Elementor<\/p>\n<p><b>H\u00e9bergeur<\/b> : HOSTINGER international private limited compagny, 61 Lordou Vironos st. 6023 Larnac, R\u00e9publique de Chypre.&nbsp;<\/p>\n<p><span style=\"text-decoration: underline;\"><strong>2. Cr\u00e9dits<\/strong><\/span><\/p>\n<p><strong>Ic\u00f4nes :&nbsp;<\/strong>Pixabay, Freepik<br><strong>Photos d\u2019illustration :&nbsp;<\/strong>Pixabay et Freepik<br><strong>Photos du cabinet et des exercices de r\u00e9\u00e9ducation :&nbsp;<\/strong>De Pixel<\/p>\n<p><span style=\"text-decoration: underline;\"><b>3. Conditions G\u00e9n\u00e9rales d&rsquo;utilisation<\/b><\/span><\/p>\n<p>Le site accessible par les URL suivants :&nbsp;<strong><a style=\"--linkdeco: underline; letter-spacing: var(--bodyletterspacing); text-transform: var(--bodytexttransform); background-color: var(--nv-site-bg); opacity: 0.9;\" href=\"https:\/\/ecrire-et-sourire77.com\/?_gl=1*1nlwe1d*_ga*NjI2NDU5OTI5LjE2NzAzNDg5MDE.*_up*MQ..\">https:\/\/ecrire-et-sourire77.com<\/a><\/strong>&nbsp;et est exploit\u00e9 dans le respect de la l\u00e9gislation fran\u00e7aise. L\u2019utilisation de ce site est r\u00e9gie par les pr\u00e9sentes conditions g\u00e9n\u00e9rales. En utilisant le site, vous reconnaissez avoir pris connaissance de ces conditions et les avoir accept\u00e9es. Celles-ci pourront \u00eatres modifi\u00e9es \u00e0 tout moment et sans pr\u00e9avis par Linda GERBERT. Elle ne saurait \u00eatre tenue pour responsable en aucune mani\u00e8re d\u2019une mauvaise utilisation du service.<\/p>\n<p><b><u>4. Limitation de responsabilit\u00e9<\/u><\/b><\/p>\n<p>Les informations contenues sur ce site sont aussi pr\u00e9cises que possibles. Le site est p\u00e9riodiquement remis \u00e0 jour mais peut toutefois contenir des inexactitudes, des omissions ou des lacunes. Si vous constatez une lacune, erreur ou ce qui parait \u00eatre un dysfonctionnement, merci de bien vouloir le signaler par&nbsp;email&nbsp;en d\u00e9crivant le probl\u00e8me de la mani\u00e8re la plus pr\u00e9cise possible (page posant probl\u00e8me, action d\u00e9clenchante, type d\u2019ordinateur et de navigateur utilis\u00e9, \u2026).<br>Tout contenu t\u00e9l\u00e9charg\u00e9 se fait aux risques et p\u00e9rils de l\u2019utilisateur et sous sa seule responsabilit\u00e9. En cons\u00e9quence, Linda Gerbert ne saurait \u00eatre tenue responsable d\u2019un quelconque dommage subi par l\u2019ordinateur de l\u2019utilisateur ou d\u2019une quelconque perte de donn\u00e9es cons\u00e9cutives au t\u00e9l\u00e9chargement.<br>Les photos sont non contractuelles.<br>Les liens hypertextes mis en place dans le cadre du pr\u00e9sent site internet en direction d\u2019autres ressources pr\u00e9sentes sur le r\u00e9seau Internet ne sauraient engager la responsabilit\u00e9 de Linda Gerbert.<\/p>\n<p><b><u>5. Gestion des donn\u00e9es personnelles<\/u><\/b><\/p>\n<p>En France, les donn\u00e9es personnelles sont notamment prot\u00e9g\u00e9es par la loi n\u00b0 78-87 du 6 janvier 1978, la loi n\u00b0 2004-801 du 6 ao\u00fbt 2004, l&rsquo;article L. 226-13 du Code p\u00e9nal et la Directive Europ\u00e9enne du 24 octobre 1995.<\/p>\n<p>A l&rsquo;occasion de l&rsquo;utilisation du site&nbsp;<a style=\"background-color: var(--nv-site-bg); letter-spacing: var(--bodyletterspacing); text-transform: var(--bodytexttransform); --linkdeco: underline; opacity: 0.9;\" href=\"https:\/\/ecrire-et-sourire77.com\/\"><b>https:\/\/ecrire-et-sourire77.com<\/b><\/a>&nbsp;peuvent \u00eatre recueillies : l&rsquo;URL des liens par l&rsquo;interm\u00e9diaire desquels l&rsquo;utilisateur a acc\u00e9d\u00e9 au site, le fournisseur d&rsquo;acc\u00e8s de l&rsquo;utilisateur, l&rsquo;adresse de protocole internet (IP) de l&rsquo;utilisateur.<span style=\"color: var( --e-global-color-text ); font-weight: var( --e-global-typography-text-font-weight ); background-color: var(--nv-site-bg); letter-spacing: var(--bodyletterspacing); text-transform: var(--bodytexttransform);\">&nbsp;<\/span><\/p>\n<p>En tout \u00e9tat de cause Linda GERBERT ne collecte des informations personnelles relatives \u00e0 l&rsquo;utilisateur que pour le besoin de certains services propos\u00e9s par le site<span style=\"color: var( --e-global-color-text ); font-weight: var( --e-global-typography-text-font-weight ); background-color: var(--nv-site-bg); letter-spacing: var(--bodyletterspacing); text-transform: var(--bodytexttransform);\">&nbsp;<\/span><b><a style=\"letter-spacing: var(--bodyletterspacing); text-transform: var(--bodytexttransform); --linkdeco: underline; opacity: 0.9; background-color: var(--nv-site-bg);\" href=\"https:\/\/ecrire-et-sourire77.com\/?_gl=1*10oooni*_ga*NjI2NDU5OTI5LjE2NzAzNDg5MDE.*_up*MQ..\">https:\/\/ecrire-et-sourire77.com<\/a>.<\/b><span style=\"color: var( --e-global-color-text ); font-weight: var( --e-global-typography-text-font-weight ); background-color: var(--nv-site-bg); letter-spacing: var(--bodyletterspacing); text-transform: var(--bodytexttransform);\">&nbsp;<\/span><span style=\"background-color: var(--nv-site-bg); font-weight: var( --e-global-typography-text-font-weight ); letter-spacing: var(--bodyletterspacing); text-transform: var(--bodytexttransform);\">L&rsquo;utilisateur fournit ces informations en toute connaissance de cause, notamment lorsqu&rsquo;il proc\u00e8de lui-m\u00eame \u00e0 leur saisie dans le formulaire de contact.&nbsp;<\/span><\/p>\n<p>Aucune information personnelle de l&rsquo;utilisateur du site&nbsp;n&rsquo;est publi\u00e9e \u00e0 l&rsquo;insu de l&rsquo;utilisateur, \u00e9chang\u00e9e, transf\u00e9r\u00e9e, c\u00e9d\u00e9e ou vendue sur un support quelconque \u00e0 des tiers.&nbsp;<\/p>\n<p><b><u>6. Cookies<\/u><\/b><\/p>\n<p><span style=\"background-color: var(--nv-site-bg); font-weight: var(--bodyfontweight); letter-spacing: var(--bodyletterspacing); text-transform: var(--bodytexttransform);\">Le pr\u00e9sent site utilise des cookies. Un cookie est un fichier de petite taille, qui ne permet pas l\u2019identification de l\u2019utilisateur, mais qui enregistre des informations relatives \u00e0 la navigation d\u2019un ordinateur sur un site. Les donn\u00e9es ainsi obtenues visent \u00e0 faciliter la navigation ult\u00e9rieure sur le site, et ont \u00e9galement vocation \u00e0 permettre diverses mesures de fr\u00e9quentation.<\/span><\/p>\n<p>Le refus d\u2019installation d\u2019un cookie peut entra\u00eener l\u2019impossibilit\u00e9 d\u2019acc\u00e9der \u00e0 certains services. L\u2019utilisateur peut toutefois configurer son ordinateur de la mani\u00e8re suivante, pour refuser l\u2019installation des cookies :<\/p>\n<p><b>Sous Internet Explorer<\/b> : onglet outil (pictogramme en forme de rouage en haut a droite) \/ options internet. Cliquez sur Confidentialit\u00e9 et choisissez Bloquer tous les cookies. Validez sur Ok.<\/p>\n<p><b>Sous Firefox<\/b> : en haut de la fen\u00eatre du navigateur, cliquez sur le bouton Firefox, puis aller dans l&rsquo;onglet Options. Cliquer sur l&rsquo;onglet Vie priv\u00e9e. Param\u00e9trez les R\u00e8gles de conservation sur : utiliser les param\u00e8tres personnalis\u00e9s pour l&rsquo;historique. Enfin d\u00e9cochez-la pour d\u00e9sactiver les cookies.<\/p>\n<p><b>Sous Safari<\/b> : Cliquez en haut \u00e0 droite du navigateur sur le pictogramme de menu (symbolis\u00e9 par un rouage). S\u00e9lectionnez Param\u00e8tres. Cliquez sur Afficher les param\u00e8tres avanc\u00e9s. Dans la section \u00ab\u00a0Confidentialit\u00e9\u00a0\u00bb, cliquez sur Param\u00e8tres de contenu. Dans la section \u00ab\u00a0Cookies\u00a0\u00bb, vous pouvez bloquer les cookies.<\/p>\n<p><b>Sous Chrome<\/b> : Cliquez en haut \u00e0 droite du navigateur sur le pictogramme de menu (symbolis\u00e9 par trois lignes horizontales). S\u00e9lectionnez Param\u00e8tres. Cliquez sur Afficher les param\u00e8tres avanc\u00e9s. Dans la section \u00ab\u00a0Confidentialit\u00e9\u00a0\u00bb, cliquez sur pr\u00e9f\u00e9rences. Dans l&rsquo;onglet \u00ab\u00a0Confidentialit\u00e9\u00a0\u00bb, vous pouvez bloquer les cookies.<\/p>\n<p><\/p>\n<p><\/p>\t\t\t\t\t\t\t\t<\/div>\n\t\t\t\t<\/div>\n\t\t\t\t\t<\/div>\n\t\t<\/div>\n\t\t\t\t\t<\/div>\n\t\t<\/section>\n\t\t\t\t<\/div>\n\t\t","protected":false},"excerpt":{"rendered":"<p>1. Pr\u00e9sentation du Site En vertu de l\u2019article 6, de la loi n\u00b0 2004-575, du 21 juin 2004, pour la confiance dans l\u2019\u00e9conomie num\u00e9rique, il est pr\u00e9cis\u00e9 aux utilisateurs du site&nbsp;https:\/\/ecrire-et-sourire77.com&nbsp;l\u2019identit\u00e9 des diff\u00e9rents intervenants dans le cadre de sa r\u00e9alisation et de son suivi : Propri\u00e9taire : Linda GERBERT &#8211; l&rsquo;impasse du Muguet \u00e0 Faremoutiers,&hellip;&nbsp;<a href=\"https:\/\/ecrire-et-sourire77.com\/index.php\/privacy-policy\/\" class=\"\" rel=\"bookmark\">Lire la suite &raquo;<span class=\"screen-reader-text\">Mentions L\u00e9gales<\/span><\/a><\/p>\n","protected":false},"author":1,"featured_media":0,"parent":0,"menu_order":0,"comment_status":"closed","ping_status":"closed","template":"","meta":{"om_disable_all_campaigns":false,"_uag_custom_page_level_css":"","_monsterinsights_skip_tracking":false,"_monsterinsights_sitenote_active":false,"_monsterinsights_sitenote_note":"","_monsterinsights_sitenote_category":0,"neve_meta_sidebar":"","neve_meta_container":"","neve_meta_enable_content_width":"","neve_meta_content_width":0,"neve_meta_title_alignment":"","neve_meta_author_avatar":"","neve_post_elements_order":"","neve_meta_disable_header":"on","neve_meta_disable_footer":"","neve_meta_disable_title":"on","footnotes":""},"class_list":["post-3","page","type-page","status-publish","hentry"],"aioseo_notices":[],"uagb_featured_image_src":{"full":false,"thumbnail":false,"medium":false,"medium_large":false,"large":false,"1536x1536":false,"2048x2048":false,"neve-blog":false},"uagb_author_info":{"display_name":"lgthillaye@gmail.com","author_link":"https:\/\/ecrire-et-sourire77.com\/index.php\/author\/lgthillayegmail-com\/"},"uagb_comment_info":0,"uagb_excerpt":"1. Pr\u00e9sentation du Site En vertu de l\u2019article 6, de la loi n\u00b0 2004-575, du 21 juin 2004, pour la confiance dans l\u2019\u00e9conomie num\u00e9rique, il est pr\u00e9cis\u00e9 aux utilisateurs du site&nbsp;https:\/\/ecrire-et-sourire77.com&nbsp;l\u2019identit\u00e9 des diff\u00e9rents intervenants dans le cadre de sa r\u00e9alisation et de son suivi : Propri\u00e9taire : Linda GERBERT &#8211; l&rsquo;impasse du Muguet \u00e0 Faremoutiers,&hellip;&nbsp;Lire\u2026","_links":{"self":[{"href":"https:\/\/ecrire-et-sourire77.com\/index.php\/wp-json\/wp\/v2\/pages\/3","targetHints":{"allow":["GET"]}}],"collection":[{"href":"https:\/\/ecrire-et-sourire77.com\/index.php\/wp-json\/wp\/v2\/pages"}],"about":[{"href":"https:\/\/ecrire-et-sourire77.com\/index.php\/wp-json\/wp\/v2\/types\/page"}],"author":[{"embeddable":true,"href":"https:\/\/ecrire-et-sourire77.com\/index.php\/wp-json\/wp\/v2\/users\/1"}],"replies":[{"embeddable":true,"href":"https:\/\/ecrire-et-sourire77.com\/index.php\/wp-json\/wp\/v2\/comments?post=3"}],"version-history":[{"count":44,"href":"https:\/\/ecrire-et-sourire77.com\/index.php\/wp-json\/wp\/v2\/pages\/3\/revisions"}],"predecessor-version":[{"id":2540,"href":"https:\/\/ecrire-et-sourire77.com\/index.php\/wp-json\/wp\/v2\/pages\/3\/revisions\/2540"}],"wp:attachment":[{"href":"https:\/\/ecrire-et-sourire77.com\/index.php\/wp-json\/wp\/v2\/media?parent=3"}],"curies":[{"name":"wp","href":"https:\/\/api.w.org\/{rel}","templated":true}]}}